{"id":702,"date":"2025-01-28T10:33:43","date_gmt":"2025-01-28T10:33:43","guid":{"rendered":"https:\/\/agrinnres.webs.upv.es\/index.php\/inicio-2\/"},"modified":"2025-02-08T06:58:22","modified_gmt":"2025-02-08T06:58:22","slug":"inicio-2","status":"publish","type":"page","link":"https:\/\/agrinnres.webs.upv.es\/","title":{"rendered":"Inicio"},"content":{"rendered":"\n<p><\/p>\n\n\n\n<div class=\"wp-block-group alignwide is-vertical is-content-justification-center is-layout-flex wp-container-core-group-is-layout-ce155fab wp-block-group-is-layout-flex\">\n<div class=\"wp-block-group alignwide\"><div class=\"wp-block-group__inner-container is-layout-constrained wp-block-group-is-layout-constrained\">\n<div class=\"wp-block-group\"><div class=\"wp-block-group__inner-container is-layout-constrained wp-block-group-is-layout-constrained\">\n<p class=\"has-text-align-center\">Financiado por: PROYECTOS DE GENERACI\u00d3N DE CONOCIMIENTO en el marco del Programa Estatal para Impulsar la Investigaci\u00f3n Cient\u00edfico-T\u00e9cnica y su Transferencia, del Plan Estatal de Investigaci\u00f3n Cient\u00edfica, T\u00e9cnica y de Innovaci\u00f3n 2021-2023.<\/p>\n\n\n<div class=\"wp-block-image\">\n<figure class=\"aligncenter size-large\"><a href=\"https:\/\/www.aei.gob.es\/convocatorias\/buscador-convocatorias\/proyectos-generacion-conocimiento-2023\"><img fetchpriority=\"high\" decoding=\"async\" width=\"1024\" height=\"199\" src=\"https:\/\/agrinnres.webs.upv.es\/wp-content\/uploads\/2025\/02\/logo-ministerio-de-ciencia-e-innovacion-1536x298-1-1024x199.png\" alt=\"\" class=\"wp-image-848\"\/><\/a><\/figure>\n<\/div>\n\n\n<p class=\"has-text-align-center\"><\/p>\n<\/div><\/div>\n<\/div><\/div>\n<\/div>\n\n\n\n<div style=\"height:100px\" aria-hidden=\"true\" class=\"wp-block-spacer\"><\/div>\n\n\n\n<hr class=\"wp-block-separator has-alpha-channel-opacity\"\/>\n\n\n\n<div class=\"wp-block-cover alignfull is-light hestia-clear-top-padding\"><span aria-hidden=\"true\" class=\"wp-block-cover__background has-white-background-color has-background-dim-100 has-background-dim\"><\/span><div class=\"wp-block-cover__inner-container is-layout-flow wp-block-cover-is-layout-flow\">\n<h2 class=\"wp-block-heading has-text-align-center has-text-color\" style=\"color:#3c4858\">SUB-PROYECTOS<\/h2>\n\n\n\n<div class=\"wp-block-columns container is-layout-flex wp-container-core-columns-is-layout-28f84493 wp-block-columns-is-layout-flex\">\n<div class=\"wp-block-column is-layout-flow wp-block-column-is-layout-flow\"><div class=\"wp-block-image\">\n<figure class=\"aligncenter size-large is-resized\"><img decoding=\"async\" width=\"1024\" height=\"1024\" src=\"https:\/\/agrinnres.webs.upv.es\/wp-content\/uploads\/2025\/01\/logos-07-1024x1024.png\" alt=\"\" class=\"wp-image-711\" style=\"width:144px;height:auto\" srcset=\"https:\/\/agrinnres.webs.upv.es\/wp-content\/uploads\/2025\/01\/logos-07-1024x1024.png 1024w, https:\/\/agrinnres.webs.upv.es\/wp-content\/uploads\/2025\/01\/logos-07-300x300.png 300w, https:\/\/agrinnres.webs.upv.es\/wp-content\/uploads\/2025\/01\/logos-07-150x150.png 150w, https:\/\/agrinnres.webs.upv.es\/wp-content\/uploads\/2025\/01\/logos-07-768x768.png 768w, https:\/\/agrinnres.webs.upv.es\/wp-content\/uploads\/2025\/01\/logos-07-1536x1536.png 1536w, https:\/\/agrinnres.webs.upv.es\/wp-content\/uploads\/2025\/01\/logos-07.png 1667w\" sizes=\"(max-width: 1024px) 100vw, 1024px\" \/><\/figure>\n<\/div>\n\n\n<h5 class=\"wp-block-heading has-text-align-center has-text-color\" style=\"color:#3c4858;font-size:18px\">UPNA<\/h5>\n\n\n\n<p class=\"has-text-align-center has-text-color\" style=\"color:#999999;font-size:14px\">Innovaci\u00f3n para la sostenibilidad en la cadena agroalimentaria: impacto de la colaboraci\u00f3n, la digitalizaci\u00f3n y las tendencias del consumidor (<em>AGRINNSOS)<\/em><\/p>\n\n\n\n<div style=\"height:25px\" aria-hidden=\"true\" class=\"wp-block-spacer\"><\/div>\n<\/div>\n\n\n\n<div class=\"wp-block-column is-layout-flow wp-block-column-is-layout-flow\"><div class=\"wp-block-image\">\n<figure class=\"aligncenter size-large is-resized\"><img decoding=\"async\" width=\"1024\" height=\"1024\" src=\"https:\/\/agrinnres.webs.upv.es\/wp-content\/uploads\/2025\/01\/logos-01-1024x1024.png\" alt=\"\" class=\"wp-image-713\" style=\"width:142px;height:auto\" srcset=\"https:\/\/agrinnres.webs.upv.es\/wp-content\/uploads\/2025\/01\/logos-01-1024x1024.png 1024w, https:\/\/agrinnres.webs.upv.es\/wp-content\/uploads\/2025\/01\/logos-01-300x300.png 300w, https:\/\/agrinnres.webs.upv.es\/wp-content\/uploads\/2025\/01\/logos-01-150x150.png 150w, https:\/\/agrinnres.webs.upv.es\/wp-content\/uploads\/2025\/01\/logos-01-768x768.png 768w, https:\/\/agrinnres.webs.upv.es\/wp-content\/uploads\/2025\/01\/logos-01-1536x1536.png 1536w, https:\/\/agrinnres.webs.upv.es\/wp-content\/uploads\/2025\/01\/logos-01.png 1667w\" sizes=\"(max-width: 1024px) 100vw, 1024px\" \/><\/figure>\n<\/div>\n\n\n<h5 class=\"wp-block-heading has-text-align-center has-text-color\" style=\"color:#3c4858;font-size:18px\">UPV<\/h5>\n\n\n\n<p class=\"has-text-align-center has-text-color\" style=\"color:#999999;font-size:14px\">Eco-Innovaci\u00f3n en el sistema agroalimentario: categorizaci\u00f3n, mapeado y evaluaci\u00f3n en territorios con riesgo demogr\u00e1fico (<em>AGRITER)<\/em><\/p>\n<\/div>\n\n\n\n<div class=\"wp-block-column is-layout-flow wp-block-column-is-layout-flow\"><div class=\"wp-block-image\">\n<figure class=\"aligncenter size-large is-resized\"><img loading=\"lazy\" decoding=\"async\" width=\"1024\" height=\"1024\" src=\"https:\/\/agrinnres.webs.upv.es\/wp-content\/uploads\/2025\/01\/logos-08-1024x1024.png\" alt=\"\" class=\"wp-image-714\" style=\"width:136px;height:auto\" srcset=\"https:\/\/agrinnres.webs.upv.es\/wp-content\/uploads\/2025\/01\/logos-08-1024x1024.png 1024w, https:\/\/agrinnres.webs.upv.es\/wp-content\/uploads\/2025\/01\/logos-08-300x300.png 300w, https:\/\/agrinnres.webs.upv.es\/wp-content\/uploads\/2025\/01\/logos-08-150x150.png 150w, https:\/\/agrinnres.webs.upv.es\/wp-content\/uploads\/2025\/01\/logos-08-768x768.png 768w, https:\/\/agrinnres.webs.upv.es\/wp-content\/uploads\/2025\/01\/logos-08-1536x1536.png 1536w, https:\/\/agrinnres.webs.upv.es\/wp-content\/uploads\/2025\/01\/logos-08.png 1667w\" sizes=\"(max-width: 1024px) 100vw, 1024px\" \/><\/figure>\n<\/div>\n\n\n<h5 class=\"wp-block-heading has-text-align-center has-text-color\" style=\"color:#3c4858;font-size:18px\">UPM<\/h5>\n\n\n\n<p class=\"has-text-align-center has-text-color\" style=\"color:#999999;font-size:14px\">Avanzando en la resiliencia de las empresas agroalimentarias: estrategias y competencias para una transformaci\u00f3n verde e inclusiva del sector (AGRIMOVING).<\/p>\n\n\n\n<div style=\"height:25px\" aria-hidden=\"true\" class=\"wp-block-spacer\"><\/div>\n<\/div>\n<\/div>\n<\/div><\/div>\n\n\n\n<hr class=\"wp-block-separator has-alpha-channel-opacity\"\/>\n\n\n\n<div class=\"wp-block-cover alignfull is-light hestia-clear-top-padding\" style=\"min-height:430px;aspect-ratio:unset;\"><span aria-hidden=\"true\" class=\"wp-block-cover__background has-white-background-color has-background-dim-100 has-background-dim\"><\/span><div class=\"wp-block-cover__inner-container is-layout-flow wp-block-cover-is-layout-flow\">\n<h2 class=\"wp-block-heading has-text-align-center has-text-color\" style=\"color:#3c4858\">Investigadores principales<\/h2>\n\n\n\n<div class=\"wp-block-columns container is-layout-flex wp-container-core-columns-is-layout-28f84493 wp-block-columns-is-layout-flex\">\n<div class=\"wp-block-column is-layout-flow wp-block-column-is-layout-flow\"><div class=\"wp-block-image is-style-rounded\">\n<figure class=\"aligncenter size-full is-resized\"><img loading=\"lazy\" decoding=\"async\" width=\"708\" height=\"689\" src=\"https:\/\/agrinnres.webs.upv.es\/wp-content\/uploads\/2025\/01\/usuario-05.png\" alt=\"\" class=\"wp-image-840\" style=\"width:125px;height:auto\" srcset=\"https:\/\/agrinnres.webs.upv.es\/wp-content\/uploads\/2025\/01\/usuario-05.png 708w, https:\/\/agrinnres.webs.upv.es\/wp-content\/uploads\/2025\/01\/usuario-05-300x292.png 300w\" sizes=\"(max-width: 708px) 100vw, 708px\" \/><\/figure>\n<\/div>\n\n\n<p class=\"has-text-align-center has-text-color\" style=\"color:#3c4858;font-size:18px\"><a href=\"https:\/\/www.unavarra.es\/pdi?uid=117\">Mercedes S\u00e1nchez-Garc\u00eda (UPNA)<\/a><\/p>\n\n\n\n<div style=\"height:25px\" aria-hidden=\"true\" class=\"wp-block-spacer\"><\/div>\n<\/div>\n\n\n\n<div class=\"wp-block-column is-layout-flow wp-block-column-is-layout-flow\"><div class=\"wp-block-image is-style-rounded\">\n<figure class=\"aligncenter size-full is-resized\"><img loading=\"lazy\" decoding=\"async\" width=\"708\" height=\"689\" src=\"https:\/\/agrinnres.webs.upv.es\/wp-content\/uploads\/2025\/01\/usuario-07.png\" alt=\"\" class=\"wp-image-842\" style=\"width:126px;height:auto\" srcset=\"https:\/\/agrinnres.webs.upv.es\/wp-content\/uploads\/2025\/01\/usuario-07.png 708w, https:\/\/agrinnres.webs.upv.es\/wp-content\/uploads\/2025\/01\/usuario-07-300x292.png 300w\" sizes=\"(max-width: 708px) 100vw, 708px\" \/><\/figure>\n<\/div>\n\n\n<p class=\"has-text-align-center has-text-color\" style=\"color:#3c4858;font-size:18px\"><a href=\"https:\/\/www.upv.es\/ficha-personal\/horoitie\">Norat Roig-Tierno (UPV)<\/a><\/p>\n<\/div>\n\n\n\n<div class=\"wp-block-column is-layout-flow wp-block-column-is-layout-flow\"><div class=\"wp-block-image is-style-rounded\">\n<figure class=\"aligncenter size-full is-resized\"><img loading=\"lazy\" decoding=\"async\" width=\"708\" height=\"689\" src=\"https:\/\/agrinnres.webs.upv.es\/wp-content\/uploads\/2025\/01\/usuario-07.png\" alt=\"\" class=\"wp-image-842\" style=\"width:125px;height:auto\" srcset=\"https:\/\/agrinnres.webs.upv.es\/wp-content\/uploads\/2025\/01\/usuario-07.png 708w, https:\/\/agrinnres.webs.upv.es\/wp-content\/uploads\/2025\/01\/usuario-07-300x292.png 300w\" sizes=\"(max-width: 708px) 100vw, 708px\" \/><\/figure>\n<\/div>\n\n\n<p class=\"has-text-align-center has-text-color\" style=\"color:#3c4858;font-size:18px\"><a href=\"https:\/\/portalcientifico.upm.es\/es\/ipublic\/researcher\/332562\">Emilio Pindado-Tapia (UPM)<\/a><\/p>\n\n\n\n<div style=\"height:25px\" aria-hidden=\"true\" class=\"wp-block-spacer\"><\/div>\n<\/div>\n<\/div>\n<\/div><\/div>\n\n\n\n<p><\/p>\n","protected":false},"excerpt":{"rendered":"<p>Financiado por: PROYECTOS DE GENERACI\u00d3N DE CONOCIMIENTO en el marco del Programa Estatal para Impulsar la Investigaci\u00f3n Cient\u00edfico-T\u00e9cnica y su Transferencia, del Plan Estatal de Investigaci\u00f3n Cient\u00edfica, T\u00e9cnica y de Innovaci\u00f3n 2021-2023.<\/p>\n","protected":false},"author":1,"featured_media":0,"parent":0,"menu_order":0,"comment_status":"closed","ping_status":"closed","template":"","meta":{"_themeisle_gutenberg_block_has_review":false,"footnotes":""},"class_list":["post-702","page","type-page","status-publish","hentry"],"_links":{"self":[{"href":"https:\/\/agrinnres.webs.upv.es\/index.php\/wp-json\/wp\/v2\/pages\/702","targetHints":{"allow":["GET"]}}],"collection":[{"href":"https:\/\/agrinnres.webs.upv.es\/index.php\/wp-json\/wp\/v2\/pages"}],"about":[{"href":"https:\/\/agrinnres.webs.upv.es\/index.php\/wp-json\/wp\/v2\/types\/page"}],"author":[{"embeddable":true,"href":"https:\/\/agrinnres.webs.upv.es\/index.php\/wp-json\/wp\/v2\/users\/1"}],"replies":[{"embeddable":true,"href":"https:\/\/agrinnres.webs.upv.es\/index.php\/wp-json\/wp\/v2\/comments?post=702"}],"version-history":[{"count":54,"href":"https:\/\/agrinnres.webs.upv.es\/index.php\/wp-json\/wp\/v2\/pages\/702\/revisions"}],"predecessor-version":[{"id":901,"href":"https:\/\/agrinnres.webs.upv.es\/index.php\/wp-json\/wp\/v2\/pages\/702\/revisions\/901"}],"wp:attachment":[{"href":"https:\/\/agrinnres.webs.upv.es\/index.php\/wp-json\/wp\/v2\/media?parent=702"}],"curies":[{"name":"wp","href":"https:\/\/api.w.org\/{rel}","templated":true}]}}